{"id":8688,"date":"2023-10-07T09:07:54","date_gmt":"2023-10-07T08:07:54","guid":{"rendered":"https:\/\/www.chocotopia.cz\/?page_id=8688"},"modified":"2024-09-11T13:44:55","modified_gmt":"2024-09-11T12:44:55","slug":"ticket-gift-cards","status":"publish","type":"page","link":"https:\/\/www.chocotopia.cz\/en\/ticket-gift-cards\/","title":{"rendered":"Ticket Gift Cards"},"content":{"rendered":"\t\t<div data-elementor-type=\"wp-page\" data-elementor-id=\"8688\" class=\"elementor elementor-8688\" data-elementor-post-type=\"page\">\n\t\t\t\t\t\t<section class=\"elementor-section elementor-top-section elementor-element elementor-element-4c1e120 elementor-section-stretched elementor-section-full_width elementor-section-height-default elementor-section-height-default\" data-id=\"4c1e120\" data-element_type=\"section\" data-e-type=\"section\" data-settings=\"{&quot;stretch_section&quot;:&quot;section-stretched&quot;}\">\n\t\t\t\t\t\t<div class=\"elementor-container elementor-column-gap-default\">\n\t\t\t\t\t<div class=\"elementor-column elementor-col-33 elementor-top-column elementor-element elementor-element-02eb9ef\" data-id=\"02eb9ef\" data-element_type=\"column\" data-e-type=\"column\">\n\t\t\t<div class=\"elementor-widget-wrap elementor-element-populated\">\n\t\t\t\t\t\t<div class=\"elementor-element elementor-element-9ec3725 elementor-widget elementor-widget-image\" data-id=\"9ec3725\" data-element_type=\"widget\" data-e-type=\"widget\" data-widget_type=\"image.default\">\n\t\t\t\t<div class=\"elementor-widget-container\">\n\t\t\t\t\t\t\t\t\t\t\t\t\t\t\t<img fetchpriority=\"high\" decoding=\"async\" width=\"300\" height=\"300\" src=\"https:\/\/www.chocotopia.cz\/wp-content\/uploads\/2023\/10\/chocot728_voucher_for_entrance_to_chocolate_museum_2967bd25-ba99-446f-988a-61e46a9ff82e-300x300.png\" class=\"attachment-medium size-medium wp-image-8768\" alt=\"\" srcset=\"https:\/\/www.chocotopia.cz\/wp-content\/uploads\/2023\/10\/chocot728_voucher_for_entrance_to_chocolate_museum_2967bd25-ba99-446f-988a-61e46a9ff82e-300x300.png 300w, https:\/\/www.chocotopia.cz\/wp-content\/uploads\/2023\/10\/chocot728_voucher_for_entrance_to_chocolate_museum_2967bd25-ba99-446f-988a-61e46a9ff82e.png 1024w, https:\/\/www.chocotopia.cz\/wp-content\/uploads\/2023\/10\/chocot728_voucher_for_entrance_to_chocolate_museum_2967bd25-ba99-446f-988a-61e46a9ff82e-150x150.png 150w, https:\/\/www.chocotopia.cz\/wp-content\/uploads\/2023\/10\/chocot728_voucher_for_entrance_to_chocolate_museum_2967bd25-ba99-446f-988a-61e46a9ff82e-768x768.png 768w\" sizes=\"(max-width: 34.9rem) calc(100vw - 2rem), (max-width: 53rem) calc(8 * (100vw \/ 12)), (min-width: 53rem) calc(6 * (100vw \/ 12)), 100vw\" \/>\t\t\t\t\t\t\t\t\t\t\t\t\t\t\t<\/div>\n\t\t\t\t<\/div>\n\t\t\t\t\t<\/div>\n\t\t<\/div>\n\t\t\t\t<div class=\"elementor-column elementor-col-66 elementor-top-column elementor-element elementor-element-6ff4284\" data-id=\"6ff4284\" data-element_type=\"column\" data-e-type=\"column\">\n\t\t\t<div class=\"elementor-widget-wrap elementor-element-populated\">\n\t\t\t\t\t\t<div class=\"elementor-element elementor-element-84b4ba5 elementor-widget elementor-widget-text-editor\" data-id=\"84b4ba5\" data-element_type=\"widget\" data-e-type=\"widget\" data-widget_type=\"text-editor.default\">\n\t\t\t\t<div class=\"elementor-widget-container\">\n\t\t\t\t\t\t\t\t\t<p style=\"font-size: 20px; text-align: justify;\">Would you like to give someone a gift, but you don\u2019t know exactly what?\u00a0<\/p><ul style=\"font-size: 20px;\"><li>entrance fee to the Chocotopia Visitor Center<\/li><li>chocolate workshop<\/li><li>children\u2019s party<\/li><li>goodies in the cafe<\/li><\/ul>\t\t\t\t\t\t\t\t<\/div>\n\t\t\t\t<\/div>\n\t\t\t\t\t<\/div>\n\t\t<\/div>\n\t\t\t\t\t<\/div>\n\t\t<\/section>\n\t\t\t\t<section class=\"elementor-section elementor-top-section elementor-element elementor-element-81b38ff elementor-section-stretched elementor-section-full_width elementor-section-height-default elementor-section-height-default\" data-id=\"81b38ff\" data-element_type=\"section\" data-e-type=\"section\" data-settings=\"{&quot;stretch_section&quot;:&quot;section-stretched&quot;}\">\n\t\t\t\t\t\t<div class=\"elementor-container elementor-column-gap-default\">\n\t\t\t\t\t<div class=\"elementor-column elementor-col-100 elementor-top-column elementor-element elementor-element-5c0d507\" data-id=\"5c0d507\" data-element_type=\"column\" data-e-type=\"column\">\n\t\t\t<div class=\"elementor-widget-wrap elementor-element-populated\">\n\t\t\t\t\t\t<div class=\"elementor-element elementor-element-143fd39 elementor-widget elementor-widget-html\" data-id=\"143fd39\" data-element_type=\"widget\" data-e-type=\"widget\" data-widget_type=\"html.default\">\n\t\t\t\t<div class=\"elementor-widget-container\">\n\t\t\t\t\t<script type=\"text\/javascript\" src=\"https:\/\/widgets.bokun.io\/assets\/javascripts\/apps\/build\/BokunWidgetsLoader.js?bookingChannelUUID=ad50fb2d-0c60-474d-b031-c7469e559868\" async><\/script>\r\n     \r\n    <div class=\"bokunWidget\" data-src=\"https:\/\/widgets.bokun.io\/online-sales\/ad50fb2d-0c60-474d-b031-c7469e559868\/gift-card\/1246\"><\/div>\r\n    <noscript>Please enable javascript in your browser to book<\/noscript>\r\n\t\t\t\t<\/div>\n\t\t\t\t<\/div>\n\t\t\t\t\t<\/div>\n\t\t<\/div>\n\t\t\t\t\t<\/div>\n\t\t<\/section>\n\t\t\t\t<\/div>\n\t\t","protected":false},"excerpt":{"rendered":"<p>Would you like to give someone a gift, but you don\u2019t know exactly what?\u00a0 entrance fee to the Chocotopia Visitor Center chocolate workshop children\u2019s party goodies in the cafe Please enable javascript in your browser to book<\/p>\n","protected":false},"author":16,"featured_media":0,"parent":0,"menu_order":0,"comment_status":"closed","ping_status":"closed","template":"","meta":{"footnotes":""},"class_list":["post-8688","page","type-page","status-publish","hentry","entry"],"yoast_head":"<!-- This site is optimized with the Yoast SEO plugin v27.3 - https:\/\/yoast.com\/product\/yoast-seo-wordpress\/ -->\n<title>Ticket Gift Cards - Chocotopia<\/title>\n<meta name=\"robots\" content=\"index, follow, max-snippet:-1, max-image-preview:large, max-video-preview:-1\" \/>\n<link rel=\"canonical\" href=\"https:\/\/www.chocotopia.cz\/en\/ticket-gift-cards\/\" \/>\n<meta property=\"og:locale\" content=\"en_US\" \/>\n<meta property=\"og:type\" content=\"article\" \/>\n<meta property=\"og:title\" content=\"Ticket Gift Cards - Chocotopia\" \/>\n<meta property=\"og:description\" content=\"Would you like to give someone a gift, but you don\u2019t know exactly what?\u00a0 entrance fee to the Chocotopia Visitor Center chocolate workshop children\u2019s party goodies in the cafe Please enable javascript in your browser to book\" \/>\n<meta property=\"og:url\" content=\"https:\/\/www.chocotopia.cz\/en\/ticket-gift-cards\/\" \/>\n<meta property=\"og:site_name\" content=\"Chocotopia\" \/>\n<meta property=\"article:modified_time\" content=\"2024-09-11T12:44:55+00:00\" \/>\n<meta property=\"og:image\" content=\"https:\/\/www.chocotopia.cz\/wp-content\/uploads\/2023\/10\/chocot728_voucher_for_entrance_to_chocolate_museum_2967bd25-ba99-446f-988a-61e46a9ff82e-300x300.png\" \/>\n<meta name=\"twitter:card\" content=\"summary_large_image\" \/>\n<meta name=\"twitter:label1\" content=\"Est. reading time\" \/>\n\t<meta name=\"twitter:data1\" content=\"1 minute\" \/>\n<script type=\"application\/ld+json\" class=\"yoast-schema-graph\">{\"@context\":\"https:\\\/\\\/schema.org\",\"@graph\":[{\"@type\":\"WebPage\",\"@id\":\"https:\\\/\\\/www.chocotopia.cz\\\/en\\\/ticket-gift-cards\\\/\",\"url\":\"https:\\\/\\\/www.chocotopia.cz\\\/en\\\/ticket-gift-cards\\\/\",\"name\":\"Ticket Gift Cards - Chocotopia\",\"isPartOf\":{\"@id\":\"https:\\\/\\\/www.chocotopia.cz\\\/#website\"},\"primaryImageOfPage\":{\"@id\":\"https:\\\/\\\/www.chocotopia.cz\\\/en\\\/ticket-gift-cards\\\/#primaryimage\"},\"image\":{\"@id\":\"https:\\\/\\\/www.chocotopia.cz\\\/en\\\/ticket-gift-cards\\\/#primaryimage\"},\"thumbnailUrl\":\"https:\\\/\\\/www.chocotopia.cz\\\/wp-content\\\/uploads\\\/2023\\\/10\\\/chocot728_voucher_for_entrance_to_chocolate_museum_2967bd25-ba99-446f-988a-61e46a9ff82e-300x300.png\",\"datePublished\":\"2023-10-07T08:07:54+00:00\",\"dateModified\":\"2024-09-11T12:44:55+00:00\",\"breadcrumb\":{\"@id\":\"https:\\\/\\\/www.chocotopia.cz\\\/en\\\/ticket-gift-cards\\\/#breadcrumb\"},\"inLanguage\":\"en-US\",\"potentialAction\":[{\"@type\":\"ReadAction\",\"target\":[\"https:\\\/\\\/www.chocotopia.cz\\\/en\\\/ticket-gift-cards\\\/\"]}]},{\"@type\":\"ImageObject\",\"inLanguage\":\"en-US\",\"@id\":\"https:\\\/\\\/www.chocotopia.cz\\\/en\\\/ticket-gift-cards\\\/#primaryimage\",\"url\":\"https:\\\/\\\/www.chocotopia.cz\\\/wp-content\\\/uploads\\\/2023\\\/10\\\/chocot728_voucher_for_entrance_to_chocolate_museum_2967bd25-ba99-446f-988a-61e46a9ff82e-300x300.png\",\"contentUrl\":\"https:\\\/\\\/www.chocotopia.cz\\\/wp-content\\\/uploads\\\/2023\\\/10\\\/chocot728_voucher_for_entrance_to_chocolate_museum_2967bd25-ba99-446f-988a-61e46a9ff82e-300x300.png\"},{\"@type\":\"BreadcrumbList\",\"@id\":\"https:\\\/\\\/www.chocotopia.cz\\\/en\\\/ticket-gift-cards\\\/#breadcrumb\",\"itemListElement\":[{\"@type\":\"ListItem\",\"position\":1,\"name\":\"Home\",\"item\":\"https:\\\/\\\/www.chocotopia.cz\\\/\"},{\"@type\":\"ListItem\",\"position\":2,\"name\":\"Ticket Gift Cards\"}]},{\"@type\":\"WebSite\",\"@id\":\"https:\\\/\\\/www.chocotopia.cz\\\/#website\",\"url\":\"https:\\\/\\\/www.chocotopia.cz\\\/\",\"name\":\"Chocotopia\",\"description\":\"Ta prav\u00e1 \u010dokol\u00e1dov\u00e1 radost!\",\"publisher\":{\"@id\":\"https:\\\/\\\/www.chocotopia.cz\\\/#organization\"},\"potentialAction\":[{\"@type\":\"SearchAction\",\"target\":{\"@type\":\"EntryPoint\",\"urlTemplate\":\"https:\\\/\\\/www.chocotopia.cz\\\/?s={search_term_string}\"},\"query-input\":{\"@type\":\"PropertyValueSpecification\",\"valueRequired\":true,\"valueName\":\"search_term_string\"}}],\"inLanguage\":\"en-US\"},{\"@type\":\"Organization\",\"@id\":\"https:\\\/\\\/www.chocotopia.cz\\\/#organization\",\"name\":\"Chocotopia\",\"url\":\"https:\\\/\\\/www.chocotopia.cz\\\/\",\"logo\":{\"@type\":\"ImageObject\",\"inLanguage\":\"en-US\",\"@id\":\"https:\\\/\\\/www.chocotopia.cz\\\/#\\\/schema\\\/logo\\\/image\\\/\",\"url\":\"https:\\\/\\\/www.chocotopia.cz\\\/wp-content\\\/uploads\\\/2024\\\/02\\\/Logo-transparent-e1707753334180.png\",\"contentUrl\":\"https:\\\/\\\/www.chocotopia.cz\\\/wp-content\\\/uploads\\\/2024\\\/02\\\/Logo-transparent-e1707753334180.png\",\"width\":1080,\"height\":455,\"caption\":\"Chocotopia\"},\"image\":{\"@id\":\"https:\\\/\\\/www.chocotopia.cz\\\/#\\\/schema\\\/logo\\\/image\\\/\"}}]}<\/script>\n<!-- \/ Yoast SEO plugin. -->","yoast_head_json":{"title":"Ticket Gift Cards - Chocotopia","robots":{"index":"index","follow":"follow","max-snippet":"max-snippet:-1","max-image-preview":"max-image-preview:large","max-video-preview":"max-video-preview:-1"},"canonical":"https:\/\/www.chocotopia.cz\/en\/ticket-gift-cards\/","og_locale":"en_US","og_type":"article","og_title":"Ticket Gift Cards - Chocotopia","og_description":"Would you like to give someone a gift, but you don\u2019t know exactly what?\u00a0 entrance fee to the Chocotopia Visitor Center chocolate workshop children\u2019s party goodies in the cafe Please enable javascript in your browser to book","og_url":"https:\/\/www.chocotopia.cz\/en\/ticket-gift-cards\/","og_site_name":"Chocotopia","article_modified_time":"2024-09-11T12:44:55+00:00","og_image":[{"url":"https:\/\/www.chocotopia.cz\/wp-content\/uploads\/2023\/10\/chocot728_voucher_for_entrance_to_chocolate_museum_2967bd25-ba99-446f-988a-61e46a9ff82e-300x300.png","type":"","width":"","height":""}],"twitter_card":"summary_large_image","twitter_misc":{"Est. reading time":"1 minute"},"schema":{"@context":"https:\/\/schema.org","@graph":[{"@type":"WebPage","@id":"https:\/\/www.chocotopia.cz\/en\/ticket-gift-cards\/","url":"https:\/\/www.chocotopia.cz\/en\/ticket-gift-cards\/","name":"Ticket Gift Cards - Chocotopia","isPartOf":{"@id":"https:\/\/www.chocotopia.cz\/#website"},"primaryImageOfPage":{"@id":"https:\/\/www.chocotopia.cz\/en\/ticket-gift-cards\/#primaryimage"},"image":{"@id":"https:\/\/www.chocotopia.cz\/en\/ticket-gift-cards\/#primaryimage"},"thumbnailUrl":"https:\/\/www.chocotopia.cz\/wp-content\/uploads\/2023\/10\/chocot728_voucher_for_entrance_to_chocolate_museum_2967bd25-ba99-446f-988a-61e46a9ff82e-300x300.png","datePublished":"2023-10-07T08:07:54+00:00","dateModified":"2024-09-11T12:44:55+00:00","breadcrumb":{"@id":"https:\/\/www.chocotopia.cz\/en\/ticket-gift-cards\/#breadcrumb"},"inLanguage":"en-US","potentialAction":[{"@type":"ReadAction","target":["https:\/\/www.chocotopia.cz\/en\/ticket-gift-cards\/"]}]},{"@type":"ImageObject","inLanguage":"en-US","@id":"https:\/\/www.chocotopia.cz\/en\/ticket-gift-cards\/#primaryimage","url":"https:\/\/www.chocotopia.cz\/wp-content\/uploads\/2023\/10\/chocot728_voucher_for_entrance_to_chocolate_museum_2967bd25-ba99-446f-988a-61e46a9ff82e-300x300.png","contentUrl":"https:\/\/www.chocotopia.cz\/wp-content\/uploads\/2023\/10\/chocot728_voucher_for_entrance_to_chocolate_museum_2967bd25-ba99-446f-988a-61e46a9ff82e-300x300.png"},{"@type":"BreadcrumbList","@id":"https:\/\/www.chocotopia.cz\/en\/ticket-gift-cards\/#breadcrumb","itemListElement":[{"@type":"ListItem","position":1,"name":"Home","item":"https:\/\/www.chocotopia.cz\/"},{"@type":"ListItem","position":2,"name":"Ticket Gift Cards"}]},{"@type":"WebSite","@id":"https:\/\/www.chocotopia.cz\/#website","url":"https:\/\/www.chocotopia.cz\/","name":"Chocotopia","description":"Ta prav\u00e1 \u010dokol\u00e1dov\u00e1 radost!","publisher":{"@id":"https:\/\/www.chocotopia.cz\/#organization"},"potentialAction":[{"@type":"SearchAction","target":{"@type":"EntryPoint","urlTemplate":"https:\/\/www.chocotopia.cz\/?s={search_term_string}"},"query-input":{"@type":"PropertyValueSpecification","valueRequired":true,"valueName":"search_term_string"}}],"inLanguage":"en-US"},{"@type":"Organization","@id":"https:\/\/www.chocotopia.cz\/#organization","name":"Chocotopia","url":"https:\/\/www.chocotopia.cz\/","logo":{"@type":"ImageObject","inLanguage":"en-US","@id":"https:\/\/www.chocotopia.cz\/#\/schema\/logo\/image\/","url":"https:\/\/www.chocotopia.cz\/wp-content\/uploads\/2024\/02\/Logo-transparent-e1707753334180.png","contentUrl":"https:\/\/www.chocotopia.cz\/wp-content\/uploads\/2024\/02\/Logo-transparent-e1707753334180.png","width":1080,"height":455,"caption":"Chocotopia"},"image":{"@id":"https:\/\/www.chocotopia.cz\/#\/schema\/logo\/image\/"}}]}},"_links":{"self":[{"href":"https:\/\/www.chocotopia.cz\/en\/wp-json\/wp\/v2\/pages\/8688","targetHints":{"allow":["GET"]}}],"collection":[{"href":"https:\/\/www.chocotopia.cz\/en\/wp-json\/wp\/v2\/pages"}],"about":[{"href":"https:\/\/www.chocotopia.cz\/en\/wp-json\/wp\/v2\/types\/page"}],"author":[{"embeddable":true,"href":"https:\/\/www.chocotopia.cz\/en\/wp-json\/wp\/v2\/users\/16"}],"replies":[{"embeddable":true,"href":"https:\/\/www.chocotopia.cz\/en\/wp-json\/wp\/v2\/comments?post=8688"}],"version-history":[{"count":0,"href":"https:\/\/www.chocotopia.cz\/en\/wp-json\/wp\/v2\/pages\/8688\/revisions"}],"wp:attachment":[{"href":"https:\/\/www.chocotopia.cz\/en\/wp-json\/wp\/v2\/media?parent=8688"}],"curies":[{"name":"wp","href":"https:\/\/api.w.org\/{rel}","templated":true}]}}